{"id":750,"date":"2023-06-23T11:58:19","date_gmt":"2023-06-23T11:58:19","guid":{"rendered":"https:\/\/touchandtell.com\/?page_id=750"},"modified":"2023-06-23T12:22:16","modified_gmt":"2023-06-23T12:22:16","slug":"blogs","status":"publish","type":"page","link":"https:\/\/touchandtell.com\/sv\/blogs\/","title":{"rendered":"Blogs"},"content":{"rendered":"<!-- Blog -->\n<div id=\"\" class=\"block blog-section \">\n    <div class=\"index-section-wrapper\">\n\n        <!-- Banner Section -->\n        <div class=\"blog-banner-section full-width\">\n                        <h1>Artiklar<\/h1>\n                    <\/div>\n\n        <div class=\"content page-content\" id=\"blog-page\">\n            <div class=\"content-inner has-content\">\n                <div class=\"sqs-layout sqs-grid-12 columns-12\">\n                    <div class=\"sqs-row\">\n                        <div class=\"sqs-col-9\">\n\n\n                            \n                                <div class=\"blog-card\">\n                                    <a href=\"https:\/\/touchandtell.com\/sv\/hur-man-forbattrar-kundupplevelsen-med-feedbackterminaler-en-steg-for-steg-guide\/\">\n                                                                                <div class=\"blog-image\"\n                                             style=\"background-image: url('https:\/\/touchandtell.com\/wp-content\/uploads\/2022\/12\/touch-and-tell-close-up.jpeg')\">\n                                        <\/div>\n                                        <div class=\"content\">\n\n                                            <div class=\"blog-date\">september 14, 2023 <\/div>\n                                            <h2>Hur man f\u00f6rb\u00e4ttrar kundupplevelsen med feedbackterminaler: en steg-f\u00f6r-steg-guide<\/h2>\n                                            <div class=\"blog-content\">\n                                                \nI dagens st\u00e4ndigt f\u00f6r\u00e4nderliga aff\u00e4rslandskap \u00e4r det av st\u00f6rsta vikt att alltid f\u00f6rb\u00e4ttra kundupplevelsen. Det \u00e4r viktigt att lyssna p\u00e5 kunderna och g\u00f6ra sm\u00e5 f\u00f6rb\u00e4ttringar i ditt&#8230;                                            <\/div>\n                                        <\/div>\n                                    <\/a>\n                                <\/div>\n\n\n                            \n                                <div class=\"blog-card\">\n                                    <a href=\"https:\/\/touchandtell.com\/sv\/hur-man-bemastrar-growth-marketing-tillvaxtmarknadsforing-med-kundfeedback\/\">\n                                                                                <div class=\"blog-image\"\n                                             style=\"background-image: url('https:\/\/touchandtell.com\/wp-content\/uploads\/2022\/12\/Bilia_Sisjo_CC_88n_-_liten_filstorlek.jpg')\">\n                                        <\/div>\n                                        <div class=\"content\">\n\n                                            <div class=\"blog-date\">september 4, 2023 <\/div>\n                                            <h2>Hur man bem\u00e4strar Growth Marketing (tillv\u00e4xtmarknadsf\u00f6ring) med kundfeedback<\/h2>\n                                            <div class=\"blog-content\">\n                                                \nI marknadsf\u00f6ringsv\u00e4rlden, d\u00e4r vi alltid vill v\u00e4xa. Nyckeln till framg\u00e5ngsrik marknadsf\u00f6ring \u00e4r att veta vad din publik vill ha och gillar. L\u00e5t oss nu dyka ner i fem praktiska punkter som&#8230;                                            <\/div>\n                                        <\/div>\n                                    <\/a>\n                                <\/div>\n\n\n                            \n                                <div class=\"blog-card\">\n                                    <a href=\"https:\/\/touchandtell.com\/sv\/forsta-skillnaderna-net-promoter-score-nps-vs-customer-satisfaction-score-csat\/\">\n                                                                                <div class=\"blog-image\"\n                                             style=\"background-image: url('')\">\n                                        <\/div>\n                                        <div class=\"content\">\n\n                                            <div class=\"blog-date\">augusti 7, 2023 <\/div>\n                                            <h2>F\u00f6rst\u00e5 skillnaderna: \u00aeNet Promoter Score (NPS) vs. Customer Satisfaction Score (CSAT)<\/h2>\n                                            <div class=\"blog-content\">\n                                                \nIntroduktion:\n\nAv alla val vid m\u00e4tning av kundn\u00f6jdhet utm\u00e4rker sig tv\u00e5 framtr\u00e4dande m\u00e5tt: \u00aeNet Promoter Score (NPS) och Customer Satisfaction Score (CSAT). \n\nB\u00e5da spelar en avg\u00f6rande roll&#8230;                                            <\/div>\n                                        <\/div>\n                                    <\/a>\n                                <\/div>\n\n\n                            \n                                <div class=\"blog-card\">\n                                    <a href=\"https:\/\/touchandtell.com\/sv\/styrkan-med-net-promoter-score-nps-for-att-mata-kundlojalitet\/\">\n                                                                                <div class=\"blog-image\"\n                                             style=\"background-image: url('https:\/\/touchandtell.com\/wp-content\/uploads\/2022\/12\/tnt-overview-en.png')\">\n                                        <\/div>\n                                        <div class=\"content\">\n\n                                            <div class=\"blog-date\">augusti 7, 2023 <\/div>\n                                            <h2>Styrkan med Net Promoter Score (NPS) f\u00f6r att m\u00e4ta kundlojalitet<\/h2>\n                                            <div class=\"blog-content\">\n                                                \nSammanfattning\n\nI den h\u00e4r artikeln kommer vi att utforska betydelsen av Net Promoter Score (NPS) f\u00f6r att m\u00e4ta kundlojalitet och dess betydelse f\u00f6r f\u00f6retag. Vi kommer att lyfta&#8230;                                            <\/div>\n                                        <\/div>\n                                    <\/a>\n                                <\/div>\n\n\n                            \n                                <div class=\"blog-card\">\n                                    <a href=\"https:\/\/touchandtell.com\/sv\/medarbetarundersokningar-for-engagemang-varfor-de-ar-viktiga-och-hur-man-utformar-dem\/\">\n                                                                                <div class=\"blog-image\"\n                                             style=\"background-image: url('https:\/\/touchandtell.com\/wp-content\/uploads\/2023\/08\/touch-tell-5-scaled.jpg')\">\n                                        <\/div>\n                                        <div class=\"content\">\n\n                                            <div class=\"blog-date\">juni 23, 2023 <\/div>\n                                            <h2>Medarbetarunders\u00f6kningar f\u00f6r engagemang: Varf\u00f6r de \u00e4r viktiga och hur man utformar dem<\/h2>\n                                            <div class=\"blog-content\">\n                                                \nHar du n\u00e5gonsin undrat hur engagerade dina anst\u00e4llda \u00e4r i sitt arbete och f\u00f6retaget? Eller \u00e4r du kanske nyfiken p\u00e5 att l\u00e4ra dig hur motiverade dina teammedlemmar egentligen \u00e4r? Anv\u00e4nd&#8230;                                            <\/div>\n                                        <\/div>\n                                    <\/a>\n                                <\/div>\n\n\n                            \n                                <div class=\"blog-card\">\n                                    <a href=\"https:\/\/touchandtell.com\/sv\/fordelarna-med-att-anvanda-smiley-terminaler-for-kundundersokningar\/\">\n                                                                                <div class=\"blog-image\"\n                                             style=\"background-image: url('https:\/\/touchandtell.com\/wp-content\/uploads\/2023\/08\/Lets-improve-together-right-concrete-wall-TouchTell-scaled.jpg')\">\n                                        <\/div>\n                                        <div class=\"content\">\n\n                                            <div class=\"blog-date\">juni 23, 2023 <\/div>\n                                            <h2>F\u00f6rdelarna med att anv\u00e4nda Smiley-terminaler f\u00f6r kundunders\u00f6kningar.<\/h2>\n                                            <div class=\"blog-content\">\n                                                \nF\u00f6rest\u00e4ll dig ett s\u00e4tt att samla in kundfeedback utan anstr\u00e4ngning. Det \u00e4r h\u00e4r v\u00e5ra smiley feedbackterminaler kommer in i bilden. Dessa frist\u00e5ende feedbackterminaler omvandlar den&#8230;                                            <\/div>\n                                        <\/div>\n                                    <\/a>\n                                <\/div>\n\n\n                            \n\n                            <div class=\"row pagination-row\">\n                                <div class=\"col-12\">\n                                    <nav class=\"pagination text-center\">\n                                                                            <\/nav>\n                                <\/div>\n                            <\/div>\n\n\n                        <\/div>\n                        <div class=\"sqs-col-3\">\n                            <div class=\"widget\"><form role=\"search\" method=\"get\" action=\"https:\/\/touchandtell.com\/sv\/\" class=\"wp-block-search__button-inside wp-block-search__icon-button wp-block-search\"    ><label class=\"wp-block-search__label\" for=\"wp-block-search__input-1\" >S\u00f6k<\/label><div class=\"wp-block-search__inside-wrapper\"  style=\"width: 100%\"><input class=\"wp-block-search__input\" id=\"wp-block-search__input-1\" placeholder=\"Search\" value=\"\" type=\"search\" name=\"s\" required \/><button aria-label=\"S\u00f6k\" class=\"wp-block-search__button has-icon wp-element-button\" type=\"submit\" ><svg class=\"search-icon\" viewBox=\"0 0 24 24\" width=\"24\" height=\"24\">\n\t\t\t\t\t<path d=\"M13 5c-3.3 0-6 2.7-6 6 0 1.4.5 2.7 1.3 3.7l-3.8 3.8 1.1 1.1 3.8-3.8c1 .8 2.3 1.3 3.7 1.3 3.3 0 6-2.7 6-6S16.3 5 13 5zm0 10.5c-2.5 0-4.5-2-4.5-4.5s2-4.5 4.5-4.5 4.5 2 4.5 4.5-2 4.5-4.5 4.5z\"><\/path>\n\t\t\t\t<\/svg><\/button><\/div><\/form><\/div><div class=\"widget\">\n<div class=\"wp-block-group\"><div class=\"wp-block-group__inner-container is-layout-flow wp-block-group-is-layout-flow\">\n<h2 class=\"wp-block-heading\">Recent Posts<\/h2>\n\n\n<ul class=\"wp-block-latest-posts__list has-dates has-author wp-block-latest-posts\"><li><a class=\"wp-block-latest-posts__post-title\" href=\"https:\/\/touchandtell.com\/sv\/hur-man-forbattrar-kundupplevelsen-med-feedbackterminaler-en-steg-for-steg-guide\/\">Hur man f\u00f6rb\u00e4ttrar kundupplevelsen med feedbackterminaler: en steg-f\u00f6r-steg-guide<\/a><div class=\"wp-block-latest-posts__post-author\">av Caroline Od\u00e9n<\/div><time datetime=\"2023-09-14T13:39:59+00:00\" class=\"wp-block-latest-posts__post-date\">september 14, 2023<\/time><\/li>\n<li><a class=\"wp-block-latest-posts__post-title\" href=\"https:\/\/touchandtell.com\/sv\/hur-man-bemastrar-growth-marketing-tillvaxtmarknadsforing-med-kundfeedback\/\">Hur man bem\u00e4strar Growth Marketing (tillv\u00e4xtmarknadsf\u00f6ring) med kundfeedback<\/a><div class=\"wp-block-latest-posts__post-author\">av Caroline Od\u00e9n<\/div><time datetime=\"2023-09-04T20:16:26+00:00\" class=\"wp-block-latest-posts__post-date\">september 4, 2023<\/time><\/li>\n<li><a class=\"wp-block-latest-posts__post-title\" href=\"https:\/\/touchandtell.com\/sv\/forsta-skillnaderna-net-promoter-score-nps-vs-customer-satisfaction-score-csat\/\">F\u00f6rst\u00e5 skillnaderna: \u00aeNet Promoter Score (NPS) vs. Customer Satisfaction Score (CSAT)<\/a><div class=\"wp-block-latest-posts__post-author\">av Caroline Od\u00e9n<\/div><time datetime=\"2023-08-07T13:39:56+00:00\" class=\"wp-block-latest-posts__post-date\">augusti 7, 2023<\/time><\/li>\n<li><a class=\"wp-block-latest-posts__post-title\" href=\"https:\/\/touchandtell.com\/sv\/styrkan-med-net-promoter-score-nps-for-att-mata-kundlojalitet\/\">Styrkan med Net Promoter Score (NPS) f\u00f6r att m\u00e4ta kundlojalitet<\/a><div class=\"wp-block-latest-posts__post-author\">av Caroline Od\u00e9n<\/div><time datetime=\"2023-08-07T06:47:03+00:00\" class=\"wp-block-latest-posts__post-date\">augusti 7, 2023<\/time><\/li>\n<li><a class=\"wp-block-latest-posts__post-title\" href=\"https:\/\/touchandtell.com\/sv\/medarbetarundersokningar-for-engagemang-varfor-de-ar-viktiga-och-hur-man-utformar-dem\/\">Medarbetarunders\u00f6kningar f\u00f6r engagemang: Varf\u00f6r de \u00e4r viktiga och hur man utformar dem<\/a><div class=\"wp-block-latest-posts__post-author\">av milan<\/div><time datetime=\"2023-06-23T12:04:55+00:00\" class=\"wp-block-latest-posts__post-date\">juni 23, 2023<\/time><\/li>\n<\/ul><\/div><\/div>\n<\/div><div class=\"widget\">\n<div class=\"wp-block-group\"><div class=\"wp-block-group__inner-container is-layout-flow wp-block-group-is-layout-flow\">\n<h2 class=\"wp-block-heading\">Categories<\/h2>\n\n\n<ul class=\"wp-block-categories-list wp-block-categories\">\t<li class=\"cat-item cat-item-45\"><a href=\"https:\/\/touchandtell.com\/sv\/category\/blog-om-kundundersokningar\/\">Blog om kundunders\u00f6kningar<\/a> (5)\n<\/li>\n\t<li class=\"cat-item cat-item-42\"><a href=\"https:\/\/touchandtell.com\/sv\/category\/nlogg-medarbetarundersokning\/\">Nlogg medarbetarunders\u00f6kning<\/a> (1)\n<\/li>\n\t<li class=\"cat-item cat-item-6\"><a href=\"https:\/\/touchandtell.com\/sv\/category\/okategoriserad\/\">Okategoriserad<\/a> (1)\n<\/li>\n<\/ul><\/div><\/div>\n<\/div>                        <\/div>\n                    <\/div>\n                <\/div>\n            <\/div>\n        <\/div>\n    <\/div>\n<\/div>","protected":false},"excerpt":{"rendered":"","protected":false},"author":1,"featured_media":0,"parent":0,"menu_order":0,"comment_status":"closed","ping_status":"closed","template":"","meta":{"_acf_changed":false,"inline_featured_image":false,"footnotes":""},"class_list":["post-750","page","type-page","status-publish"],"acf":[],"yoast_head":"<!-- This site is optimized with the Yoast SEO plugin v22.9 - https:\/\/yoast.com\/wordpress\/plugins\/seo\/ -->\n<title>Blogs - Touch&amp;Tell<\/title>\n<meta name=\"robots\" content=\"index, follow, max-snippet:-1, max-image-preview:large, max-video-preview:-1\" \/>\n<link rel=\"canonical\" href=\"https:\/\/touchandtell.com\/sv\/blogs\/\" \/>\n<meta property=\"og:locale\" content=\"sv_SE\" \/>\n<meta property=\"og:type\" content=\"article\" \/>\n<meta property=\"og:title\" content=\"Blogs - Touch&amp;Tell\" \/>\n<meta property=\"og:url\" content=\"https:\/\/touchandtell.com\/sv\/blogs\/\" \/>\n<meta property=\"og:site_name\" content=\"Touch&amp;Tell\" \/>\n<meta property=\"article:modified_time\" content=\"2023-06-23T12:22:16+00:00\" \/>\n<meta name=\"twitter:card\" content=\"summary_large_image\" \/>\n<script type=\"application\/ld+json\" class=\"yoast-schema-graph\">{\"@context\":\"https:\/\/schema.org\",\"@graph\":[{\"@type\":\"WebPage\",\"@id\":\"https:\/\/touchandtell.com\/sv\/blogs\/\",\"url\":\"https:\/\/touchandtell.com\/sv\/blogs\/\",\"name\":\"Blogs - Touch&amp;Tell\",\"isPartOf\":{\"@id\":\"https:\/\/touchandtell.com\/en\/#website\"},\"datePublished\":\"2023-06-23T11:58:19+00:00\",\"dateModified\":\"2023-06-23T12:22:16+00:00\",\"breadcrumb\":{\"@id\":\"https:\/\/touchandtell.com\/sv\/blogs\/#breadcrumb\"},\"inLanguage\":\"sv-SE\",\"potentialAction\":[{\"@type\":\"ReadAction\",\"target\":[\"https:\/\/touchandtell.com\/sv\/blogs\/\"]}]},{\"@type\":\"BreadcrumbList\",\"@id\":\"https:\/\/touchandtell.com\/sv\/blogs\/#breadcrumb\",\"itemListElement\":[{\"@type\":\"ListItem\",\"position\":1,\"name\":\"Home\",\"item\":\"https:\/\/touchandtell.com\/sv\/\"},{\"@type\":\"ListItem\",\"position\":2,\"name\":\"Blogs\"}]},{\"@type\":\"WebSite\",\"@id\":\"https:\/\/touchandtell.com\/en\/#website\",\"url\":\"https:\/\/touchandtell.com\/en\/\",\"name\":\"Touch&amp;Tell\",\"description\":\"Get to know your customers and improve your offer! Collect customer feedback automatically with Touch&amp;Tell&#039;s simple yet powerful terminals.\",\"publisher\":{\"@id\":\"https:\/\/touchandtell.com\/en\/#organization\"},\"potentialAction\":[{\"@type\":\"SearchAction\",\"target\":{\"@type\":\"EntryPoint\",\"urlTemplate\":\"https:\/\/touchandtell.com\/en\/?s={search_term_string}\"},\"query-input\":\"required name=search_term_string\"}],\"inLanguage\":\"sv-SE\"},{\"@type\":\"Organization\",\"@id\":\"https:\/\/touchandtell.com\/en\/#organization\",\"name\":\"Touch&amp;Tell\",\"url\":\"https:\/\/touchandtell.com\/en\/\",\"logo\":{\"@type\":\"ImageObject\",\"inLanguage\":\"sv-SE\",\"@id\":\"https:\/\/touchandtell.com\/en\/#\/schema\/logo\/image\/\",\"url\":\"https:\/\/touchandtell.com\/wp-content\/uploads\/2022\/12\/tnt-logo.png\",\"contentUrl\":\"https:\/\/touchandtell.com\/wp-content\/uploads\/2022\/12\/tnt-logo.png\",\"width\":800,\"height\":238,\"caption\":\"Touch&amp;Tell\"},\"image\":{\"@id\":\"https:\/\/touchandtell.com\/en\/#\/schema\/logo\/image\/\"}}]}<\/script>\n<!-- \/ Yoast SEO plugin. -->","yoast_head_json":{"title":"Blogs - Touch&amp;Tell","robots":{"index":"index","follow":"follow","max-snippet":"max-snippet:-1","max-image-preview":"max-image-preview:large","max-video-preview":"max-video-preview:-1"},"canonical":"https:\/\/touchandtell.com\/sv\/blogs\/","og_locale":"sv_SE","og_type":"article","og_title":"Blogs - Touch&amp;Tell","og_url":"https:\/\/touchandtell.com\/sv\/blogs\/","og_site_name":"Touch&amp;Tell","article_modified_time":"2023-06-23T12:22:16+00:00","twitter_card":"summary_large_image","schema":{"@context":"https:\/\/schema.org","@graph":[{"@type":"WebPage","@id":"https:\/\/touchandtell.com\/sv\/blogs\/","url":"https:\/\/touchandtell.com\/sv\/blogs\/","name":"Blogs - Touch&amp;Tell","isPartOf":{"@id":"https:\/\/touchandtell.com\/en\/#website"},"datePublished":"2023-06-23T11:58:19+00:00","dateModified":"2023-06-23T12:22:16+00:00","breadcrumb":{"@id":"https:\/\/touchandtell.com\/sv\/blogs\/#breadcrumb"},"inLanguage":"sv-SE","potentialAction":[{"@type":"ReadAction","target":["https:\/\/touchandtell.com\/sv\/blogs\/"]}]},{"@type":"BreadcrumbList","@id":"https:\/\/touchandtell.com\/sv\/blogs\/#breadcrumb","itemListElement":[{"@type":"ListItem","position":1,"name":"Home","item":"https:\/\/touchandtell.com\/sv\/"},{"@type":"ListItem","position":2,"name":"Blogs"}]},{"@type":"WebSite","@id":"https:\/\/touchandtell.com\/en\/#website","url":"https:\/\/touchandtell.com\/en\/","name":"Touch&amp;Tell","description":"Get to know your customers and improve your offer! Collect customer feedback automatically with Touch&amp;Tell&#039;s simple yet powerful terminals.","publisher":{"@id":"https:\/\/touchandtell.com\/en\/#organization"},"potentialAction":[{"@type":"SearchAction","target":{"@type":"EntryPoint","urlTemplate":"https:\/\/touchandtell.com\/en\/?s={search_term_string}"},"query-input":"required name=search_term_string"}],"inLanguage":"sv-SE"},{"@type":"Organization","@id":"https:\/\/touchandtell.com\/en\/#organization","name":"Touch&amp;Tell","url":"https:\/\/touchandtell.com\/en\/","logo":{"@type":"ImageObject","inLanguage":"sv-SE","@id":"https:\/\/touchandtell.com\/en\/#\/schema\/logo\/image\/","url":"https:\/\/touchandtell.com\/wp-content\/uploads\/2022\/12\/tnt-logo.png","contentUrl":"https:\/\/touchandtell.com\/wp-content\/uploads\/2022\/12\/tnt-logo.png","width":800,"height":238,"caption":"Touch&amp;Tell"},"image":{"@id":"https:\/\/touchandtell.com\/en\/#\/schema\/logo\/image\/"}}]}},"_links":{"self":[{"href":"https:\/\/touchandtell.com\/sv\/wp-json\/wp\/v2\/pages\/750","targetHints":{"allow":["GET"]}}],"collection":[{"href":"https:\/\/touchandtell.com\/sv\/wp-json\/wp\/v2\/pages"}],"about":[{"href":"https:\/\/touchandtell.com\/sv\/wp-json\/wp\/v2\/types\/page"}],"author":[{"embeddable":true,"href":"https:\/\/touchandtell.com\/sv\/wp-json\/wp\/v2\/users\/1"}],"replies":[{"embeddable":true,"href":"https:\/\/touchandtell.com\/sv\/wp-json\/wp\/v2\/comments?post=750"}],"version-history":[{"count":0,"href":"https:\/\/touchandtell.com\/sv\/wp-json\/wp\/v2\/pages\/750\/revisions"}],"wp:attachment":[{"href":"https:\/\/touchandtell.com\/sv\/wp-json\/wp\/v2\/media?parent=750"}],"curies":[{"name":"wp","href":"https:\/\/api.w.org\/{rel}","templated":true}]}}