{"id":1098,"date":"2023-08-23T07:44:13","date_gmt":"2023-08-23T07:44:13","guid":{"rendered":"https:\/\/touchandtell.com\/sida-for-kundpriser\/"},"modified":"2024-02-28T12:06:34","modified_gmt":"2024-02-28T12:06:34","slug":"sida-for-kundpriser","status":"publish","type":"page","link":"https:\/\/touchandtell.com\/sv\/sida-for-kundpriser\/","title":{"rendered":"Sida f\u00f6r kundpriser"},"content":{"rendered":"\n\n        <style type=\"text\/css\">\n            #pricing-section-block_017b1543c8ebdeb064e08ffc7972b621 {\n                margin-top: 30px;\n                margin-bottom: 30px;\n            }\n            @media all and (min-width: 1024px) {\n            #pricing-section-block_017b1543c8ebdeb064e08ffc7972b621 {\n                margin-top: 0px;\n                margin-bottom: 0px;\n            }\n            }\n        <\/style>\n\n<!-- Pricing -->\n<div id=\"pricing-section-block_017b1543c8ebdeb064e08ffc7972b621\" class=\"block pricing-section \">\n    <div id=\"pricing-section\" class=\"index-section no-main-image page\">\n        <div class=\"index-section-wrapper\">\n            <div class=\"content page-content\" id=\"pricing-page\">\n                <div class=\"content-inner has-content\">\n                    <div class=\"sqs-layout sqs-grid-12 columns-12\">\n                        <div class=\"sqs-row\">\n                            <div class=\"col sqs-col-12 span-12\">\n                                <div class=\"sqs-block html-block sqs-block-html\">\n                                    <div class=\"sqs-block-content\">\n                                                                                    <h2 class=\"headline\" style=\"white-space:pre-wrap;\">\n                                                Hitta ett paket som passar dina behov                                            <\/h2>\n                                                                            <\/div>\n                                <\/div>\n                                <div class=\"sqs-row\">\n                                    <div class=\"col sqs-col-4 span-4\">\n                                        <div class=\"sqs-block html-block sqs-block-html price-block block-left\">\n                                            <div class=\"sqs-block-content\">\n                                                                                                    <p>\n                                                        \u00e5rligen \/ kvartalsvis                                                    <\/p>\n                                                \n                                                                                                    <p>\n                                                        BASIC                                                    <\/p>\n                                                \n                                                                                                    <p>\n                                                        Nyckelfunktioner:                                                    <\/p>\n                                                                                            <\/div>\n\n                                            <div class=\"sqs-block-content price-list\">\n                                                <ul>\n                                                                                                                                                                        <li>4G-anslutning<\/li>\n                                                                                                                    <li>Fri support<\/li>\n                                                                                                                    <li>Webb portal <\/li>\n                                                                                                                    <li>Ett anv\u00e4ndarkonto<\/li>\n                                                                                                                    <li>Gratis byte av enhet vid behov<\/li>\n                                                                                                                    <li>Tv\u00e5 timmar f\u00f6r r\u00e5dgivning<\/li>\n                                                                                                                                                            <\/ul>\n                                            <\/div>\n\n                                            <div class=\"sqs-block-content\">\n                                                                                                    <p class=\"text-below\">\n                                                        F\u00f6r er som gillar att g\u00f6ra mer sj\u00e4lva, men \u00e4nd\u00e5 vill ha ett enkelt verktyg                                                    <\/p>\n                                                                                            <\/div>\n\n\n                                            <div class=\"sqs-block-content\">\n                                                                                                    <a class=\"button-container\"\n                                                       href=\"#contact-section\"\n                                                       target=\"&#039;_self&#039;\">\n                                                        <div class=\"button-get-a-quote\"\n                                                             style=\"background-color:#e56600;\">\n                                                            <p>\n                                                                F\u00e5 Prisf\u00f6rslag                                                            <\/p>\n                                                        <\/div>\n                                                    <\/a>\n                                                                                            <\/div>\n                                        <\/div>\n                                    <\/div>\n                                    <div class=\"col sqs-col-4 span-4\">\n                                        <div class=\"sqs-block html-block sqs-block-html price-block block-right\">\n                                            <div class=\"sqs-block-content\">\n                                                                                                    <p>\n                                                        \u00e5rligen \/ kvartalsvis                                                    <\/p>\n                                                \n                                                                                                    <p>\n                                                        PRO                                                    <\/p>\n                                                \n                                                                                                    <p>\n                                                        allt som finns i BASIC +                                                    <\/p>\n                                                                                            <\/div>\n\n                                            <div class=\"sqs-block-content price-list\">\n                                                <ul>\n                                                                                                                                                                        <li>AI-driven textanalys<\/li>\n                                                                                                                    <li>Prenumeration av rapporter<\/li>\n                                                                                                                    <li>Tjugo timmar konsultation<\/li>\n                                                                                                                    <li>Obegr\u00e4nsade anv\u00e4ndarkonton<\/li>\n                                                                                                                    <li>Priositerad support<\/li>\n                                                                                                                    <li>API och Excel data<\/li>\n                                                                                                                                                            <\/ul>\n                                            <\/div>\n\n                                            <div class=\"sqs-block-content\">\n                                                                                                    <p class=\"text-below2\">\n                                                        F\u00f6r er som har behov av ut\u00f6kade konsulttj\u00e4nster, mer automatisering och avancerad analys                                                    <\/p>\n                                                                                            <\/div>\n\n\n                                            <div class=\"sqs-block-content\">\n                                                                                                    <a class=\"button-container\"\n                                                       href=\"#contact-section\"\n                                                       target=\"&#039;_self&#039;\">\n                                                        <div class=\"button-get-a-quote\"\n                                                             style=\"background-color:#ffffff;\">\n                                                            <p>\n                                                                F\u00e5 Prisf\u00f6rslag                                                            <\/p>\n                                                        <\/div>\n                                                    <\/a>\n                                                                                            <\/div>\n                                        <\/div>\n                                    <\/div>\n                                    <div class=\"col sqs-col-4 span-4\">\n                                        <div class=\"sqs-block html-block sqs-block-html price-block block-left\">\n                                            <div class=\"sqs-block-content\">\n                                                                                                    <p>\n                                                        event                                                    <\/p>\n                                                \n                                                                                                    <p>\n                                                        BASIC                                                    <\/p>\n                                                \n                                                                                                    <p>\n                                                        Nyckelfunktioner:                                                    <\/p>\n                                                                                            <\/div>\n\n                                            <div class=\"sqs-block-content price-list\">\n                                                <ul>\n                                                                                                                                                            <li>4G-anslutning<\/li>\n                                                                                                            <li>Fri support<\/li>\n                                                                                                            <li>Webb portal<\/li>\n                                                                                                            <li>Ett anv\u00e4ndarkonto<\/li>\n                                                                                                            <li>Gratis byte av enhet vid behov<\/li>\n                                                                                                            <li>Tv\u00e5 timmar konsultation<\/li>\n                                                                                                                                                    <\/ul>\n                                            <\/div>\n\n                                            <div class=\"sqs-block-content\">\n                                                                                                    <p class=\"text-below\">\n                                                        Eng\u00e5ngsbehov, men vill \u00e4nd\u00e5 ha ett enkelt verktyg                                                    <\/p>\n                                                                                            <\/div>\n\n\n                                            <div class=\"sqs-block-content\">\n                                                                                                    <a class=\"button-container\"\n                                                       href=\"#contact-section\"\n                                                       target=\"&#039;_self&#039;\">\n                                                        <div class=\"button-get-a-quote\"\n                                                             style=\"background-color:#e56600;\">\n                                                            <p>\n                                                                F\u00e5 Prisf\u00f6rslag                                                            <\/p>\n                                                        <\/div>\n                                                    <\/a>\n                                                                                            <\/div>\n                                        <\/div>\n                                    <\/div>\n                                <\/div>\n                            <\/div>\n                        <\/div>\n                    <\/div>\n                <\/div>\n            <\/div>\n        <\/div>\n    <\/div><!-- Pricing -->\n\n\n\n\n<p class=\"has-text-align-center\">Alltihop ing\u00e5r i ett enkelt abonnemang utan extra startkostnad. Priset beror p\u00e5 antalet terminaler du beh\u00f6ver och hur l\u00e4nge du vill ha dem. <\/p>\n","protected":false},"excerpt":{"rendered":"<p>Alltihop ing\u00e5r i ett enkelt abonnemang utan extra startkostnad. Priset beror p\u00e5 antalet terminaler du<\/p>\n","protected":false},"author":1,"featured_media":0,"parent":0,"menu_order":0,"comment_status":"closed","ping_status":"closed","template":"","meta":{"_acf_changed":true,"inline_featured_image":false,"footnotes":""},"class_list":["post-1098","page","type-page","status-publish"],"acf":[],"yoast_head":"<!-- This site is optimized with the Yoast SEO plugin v22.9 - https:\/\/yoast.com\/wordpress\/plugins\/seo\/ -->\n<title>Sida f\u00f6r kundpriser - Touch&amp;Tell<\/title>\n<meta name=\"description\" content=\"Uppt\u00e4ck v\u00e5ra flexibla prispaket utformade f\u00f6r att passa dina specifika behov. Utforska Touch&amp;Tells kostnadseffektiva l\u00f6sningar f\u00f6r exceptionell kundfeedback\" \/>\n<meta name=\"robots\" content=\"index, follow, max-snippet:-1, max-image-preview:large, max-video-preview:-1\" \/>\n<link rel=\"canonical\" href=\"https:\/\/touchandtell.com\/sv\/sida-for-kundpriser\/\" \/>\n<meta property=\"og:locale\" content=\"sv_SE\" \/>\n<meta property=\"og:type\" content=\"article\" \/>\n<meta property=\"og:title\" content=\"Sida f\u00f6r kundpriser - Touch&amp;Tell\" \/>\n<meta property=\"og:description\" content=\"Uppt\u00e4ck v\u00e5ra flexibla prispaket utformade f\u00f6r att passa dina specifika behov. Utforska Touch&amp;Tells kostnadseffektiva l\u00f6sningar f\u00f6r exceptionell kundfeedback\" \/>\n<meta property=\"og:url\" content=\"https:\/\/touchandtell.com\/sv\/sida-for-kundpriser\/\" \/>\n<meta property=\"og:site_name\" content=\"Touch&amp;Tell\" \/>\n<meta property=\"article:modified_time\" content=\"2024-02-28T12:06:34+00:00\" \/>\n<meta name=\"twitter:card\" content=\"summary_large_image\" \/>\n<meta name=\"twitter:label1\" content=\"Ber\u00e4knad l\u00e4stid\" \/>\n\t<meta name=\"twitter:data1\" content=\"1 minut\" \/>\n<script type=\"application\/ld+json\" class=\"yoast-schema-graph\">{\"@context\":\"https:\/\/schema.org\",\"@graph\":[{\"@type\":\"WebPage\",\"@id\":\"https:\/\/touchandtell.com\/sv\/sida-for-kundpriser\/\",\"url\":\"https:\/\/touchandtell.com\/sv\/sida-for-kundpriser\/\",\"name\":\"Sida f\u00f6r kundpriser - Touch&amp;Tell\",\"isPartOf\":{\"@id\":\"https:\/\/touchandtell.com\/en\/#website\"},\"datePublished\":\"2023-08-23T07:44:13+00:00\",\"dateModified\":\"2024-02-28T12:06:34+00:00\",\"description\":\"Uppt\u00e4ck v\u00e5ra flexibla prispaket utformade f\u00f6r att passa dina specifika behov. Utforska Touch&Tells kostnadseffektiva l\u00f6sningar f\u00f6r exceptionell kundfeedback\",\"breadcrumb\":{\"@id\":\"https:\/\/touchandtell.com\/sv\/sida-for-kundpriser\/#breadcrumb\"},\"inLanguage\":\"sv-SE\",\"potentialAction\":[{\"@type\":\"ReadAction\",\"target\":[\"https:\/\/touchandtell.com\/sv\/sida-for-kundpriser\/\"]}]},{\"@type\":\"BreadcrumbList\",\"@id\":\"https:\/\/touchandtell.com\/sv\/sida-for-kundpriser\/#breadcrumb\",\"itemListElement\":[{\"@type\":\"ListItem\",\"position\":1,\"name\":\"Home\",\"item\":\"https:\/\/touchandtell.com\/sv\/\"},{\"@type\":\"ListItem\",\"position\":2,\"name\":\"Sida f\u00f6r kundpriser\"}]},{\"@type\":\"WebSite\",\"@id\":\"https:\/\/touchandtell.com\/en\/#website\",\"url\":\"https:\/\/touchandtell.com\/en\/\",\"name\":\"Touch&amp;Tell\",\"description\":\"Get to know your customers and improve your offer! Collect customer feedback automatically with Touch&amp;Tell&#039;s simple yet powerful terminals.\",\"publisher\":{\"@id\":\"https:\/\/touchandtell.com\/en\/#organization\"},\"potentialAction\":[{\"@type\":\"SearchAction\",\"target\":{\"@type\":\"EntryPoint\",\"urlTemplate\":\"https:\/\/touchandtell.com\/en\/?s={search_term_string}\"},\"query-input\":\"required name=search_term_string\"}],\"inLanguage\":\"sv-SE\"},{\"@type\":\"Organization\",\"@id\":\"https:\/\/touchandtell.com\/en\/#organization\",\"name\":\"Touch&amp;Tell\",\"url\":\"https:\/\/touchandtell.com\/en\/\",\"logo\":{\"@type\":\"ImageObject\",\"inLanguage\":\"sv-SE\",\"@id\":\"https:\/\/touchandtell.com\/en\/#\/schema\/logo\/image\/\",\"url\":\"https:\/\/touchandtell.com\/wp-content\/uploads\/2022\/12\/tnt-logo.png\",\"contentUrl\":\"https:\/\/touchandtell.com\/wp-content\/uploads\/2022\/12\/tnt-logo.png\",\"width\":800,\"height\":238,\"caption\":\"Touch&amp;Tell\"},\"image\":{\"@id\":\"https:\/\/touchandtell.com\/en\/#\/schema\/logo\/image\/\"}}]}<\/script>\n<!-- \/ Yoast SEO plugin. -->","yoast_head_json":{"title":"Sida f\u00f6r kundpriser - Touch&amp;Tell","description":"Uppt\u00e4ck v\u00e5ra flexibla prispaket utformade f\u00f6r att passa dina specifika behov. Utforska Touch&Tells kostnadseffektiva l\u00f6sningar f\u00f6r exceptionell kundfeedback","robots":{"index":"index","follow":"follow","max-snippet":"max-snippet:-1","max-image-preview":"max-image-preview:large","max-video-preview":"max-video-preview:-1"},"canonical":"https:\/\/touchandtell.com\/sv\/sida-for-kundpriser\/","og_locale":"sv_SE","og_type":"article","og_title":"Sida f\u00f6r kundpriser - Touch&amp;Tell","og_description":"Uppt\u00e4ck v\u00e5ra flexibla prispaket utformade f\u00f6r att passa dina specifika behov. Utforska Touch&Tells kostnadseffektiva l\u00f6sningar f\u00f6r exceptionell kundfeedback","og_url":"https:\/\/touchandtell.com\/sv\/sida-for-kundpriser\/","og_site_name":"Touch&amp;Tell","article_modified_time":"2024-02-28T12:06:34+00:00","twitter_card":"summary_large_image","twitter_misc":{"Ber\u00e4knad l\u00e4stid":"1 minut"},"schema":{"@context":"https:\/\/schema.org","@graph":[{"@type":"WebPage","@id":"https:\/\/touchandtell.com\/sv\/sida-for-kundpriser\/","url":"https:\/\/touchandtell.com\/sv\/sida-for-kundpriser\/","name":"Sida f\u00f6r kundpriser - Touch&amp;Tell","isPartOf":{"@id":"https:\/\/touchandtell.com\/en\/#website"},"datePublished":"2023-08-23T07:44:13+00:00","dateModified":"2024-02-28T12:06:34+00:00","description":"Uppt\u00e4ck v\u00e5ra flexibla prispaket utformade f\u00f6r att passa dina specifika behov. Utforska Touch&Tells kostnadseffektiva l\u00f6sningar f\u00f6r exceptionell kundfeedback","breadcrumb":{"@id":"https:\/\/touchandtell.com\/sv\/sida-for-kundpriser\/#breadcrumb"},"inLanguage":"sv-SE","potentialAction":[{"@type":"ReadAction","target":["https:\/\/touchandtell.com\/sv\/sida-for-kundpriser\/"]}]},{"@type":"BreadcrumbList","@id":"https:\/\/touchandtell.com\/sv\/sida-for-kundpriser\/#breadcrumb","itemListElement":[{"@type":"ListItem","position":1,"name":"Home","item":"https:\/\/touchandtell.com\/sv\/"},{"@type":"ListItem","position":2,"name":"Sida f\u00f6r kundpriser"}]},{"@type":"WebSite","@id":"https:\/\/touchandtell.com\/en\/#website","url":"https:\/\/touchandtell.com\/en\/","name":"Touch&amp;Tell","description":"Get to know your customers and improve your offer! Collect customer feedback automatically with Touch&amp;Tell&#039;s simple yet powerful terminals.","publisher":{"@id":"https:\/\/touchandtell.com\/en\/#organization"},"potentialAction":[{"@type":"SearchAction","target":{"@type":"EntryPoint","urlTemplate":"https:\/\/touchandtell.com\/en\/?s={search_term_string}"},"query-input":"required name=search_term_string"}],"inLanguage":"sv-SE"},{"@type":"Organization","@id":"https:\/\/touchandtell.com\/en\/#organization","name":"Touch&amp;Tell","url":"https:\/\/touchandtell.com\/en\/","logo":{"@type":"ImageObject","inLanguage":"sv-SE","@id":"https:\/\/touchandtell.com\/en\/#\/schema\/logo\/image\/","url":"https:\/\/touchandtell.com\/wp-content\/uploads\/2022\/12\/tnt-logo.png","contentUrl":"https:\/\/touchandtell.com\/wp-content\/uploads\/2022\/12\/tnt-logo.png","width":800,"height":238,"caption":"Touch&amp;Tell"},"image":{"@id":"https:\/\/touchandtell.com\/en\/#\/schema\/logo\/image\/"}}]}},"_links":{"self":[{"href":"https:\/\/touchandtell.com\/sv\/wp-json\/wp\/v2\/pages\/1098","targetHints":{"allow":["GET"]}}],"collection":[{"href":"https:\/\/touchandtell.com\/sv\/wp-json\/wp\/v2\/pages"}],"about":[{"href":"https:\/\/touchandtell.com\/sv\/wp-json\/wp\/v2\/types\/page"}],"author":[{"embeddable":true,"href":"https:\/\/touchandtell.com\/sv\/wp-json\/wp\/v2\/users\/1"}],"replies":[{"embeddable":true,"href":"https:\/\/touchandtell.com\/sv\/wp-json\/wp\/v2\/comments?post=1098"}],"version-history":[{"count":0,"href":"https:\/\/touchandtell.com\/sv\/wp-json\/wp\/v2\/pages\/1098\/revisions"}],"wp:attachment":[{"href":"https:\/\/touchandtell.com\/sv\/wp-json\/wp\/v2\/media?parent=1098"}],"curies":[{"name":"wp","href":"https:\/\/api.w.org\/{rel}","templated":true}]}}